{"id":77,"date":"2016-10-24T20:40:41","date_gmt":"2016-10-24T23:40:41","guid":{"rendered":"http:\/\/www.sindpdal.org.br\/?page_id=77"},"modified":"2017-03-29T01:55:29","modified_gmt":"2017-03-29T04:55:29","slug":"links","status":"publish","type":"page","link":"https:\/\/www.sindpdal.org.br\/index.php\/links\/","title":{"rendered":"Links"},"content":{"rendered":"<p>Conhe\u00e7a os sites que o SINDPD-AL recomenda para a sua navega\u00e7\u00e3o.<\/p>\n<hr \/>\n<p><img loading=\"lazy\" decoding=\"async\" class=\"alignleft\" src=\"http:\/\/www.trt19.jus.br\/misc\/images\/logo_trt_al_internet.jpg\" alt=\"TRT19\" width=\"116\" height=\"80\" \/><\/p>\n<p>Tribunal Regional do Trabalho &#8211; 19\u00aa Regi\u00e3o &#8211; Alagoas<\/p>\n<p><a href=\"http:\/\/www.trt19.jus.br\">http:\/\/www.trt19.jus.br<\/a><\/p>\n<p>&nbsp;<\/p>\n<p>&nbsp;<\/p>\n<p>&nbsp;<\/p>\n<hr \/>\n<p>&nbsp;<\/p>\n<p>&nbsp;<\/p>\n<p>&nbsp;<\/p>\n","protected":false},"excerpt":{"rendered":"<p>Conhe\u00e7a os sites que o SINDPD-AL recomenda para a sua navega\u00e7\u00e3o. Tribunal Regional do Trabalho &#8211; 19\u00aa Regi\u00e3o &#8211; Alagoas http:\/\/www.trt19.jus.br &nbsp; &nbsp; &nbsp; &nbsp; &nbsp; &nbsp;<\/p>\n","protected":false},"author":1,"featured_media":0,"parent":0,"menu_order":0,"comment_status":"closed","ping_status":"closed","template":"","meta":{"footnotes":""},"class_list":["post-77","page","type-page","status-publish","hentry"],"yoast_head":"<!-- This site is optimized with the Yoast SEO plugin v27.4 - https:\/\/yoast.com\/product\/yoast-seo-wordpress\/ -->\n<title>Links &#8211; SINDPD-AL<\/title>\n<meta name=\"robots\" content=\"index, follow, max-snippet:-1, max-image-preview:large, max-video-preview:-1\" \/>\n<link rel=\"canonical\" href=\"https:\/\/www.sindpdal.org.br\/index.php\/links\/\" \/>\n<meta property=\"og:locale\" content=\"pt_BR\" \/>\n<meta property=\"og:type\" content=\"article\" \/>\n<meta property=\"og:title\" content=\"Links &#8211; SINDPD-AL\" \/>\n<meta property=\"og:description\" content=\"Conhe\u00e7a os sites que o SINDPD-AL recomenda para a sua navega\u00e7\u00e3o. Tribunal Regional do Trabalho &#8211; 19\u00aa Regi\u00e3o &#8211; Alagoas http:\/\/www.trt19.jus.br &nbsp; &nbsp; &nbsp; &nbsp; &nbsp; &nbsp;\" \/>\n<meta property=\"og:url\" content=\"https:\/\/www.sindpdal.org.br\/index.php\/links\/\" \/>\n<meta property=\"og:site_name\" content=\"SINDPD-AL\" \/>\n<meta property=\"article:modified_time\" content=\"2017-03-29T04:55:29+00:00\" \/>\n<meta property=\"og:image\" content=\"http:\/\/www.trt19.jus.br\/misc\/images\/logo_trt_al_internet.jpg\" \/>\n<meta name=\"twitter:card\" content=\"summary_large_image\" \/>\n<script type=\"application\/ld+json\" class=\"yoast-schema-graph\">{\"@context\":\"https:\\\/\\\/schema.org\",\"@graph\":[{\"@type\":\"WebPage\",\"@id\":\"https:\\\/\\\/www.sindpdal.org.br\\\/index.php\\\/links\\\/\",\"url\":\"https:\\\/\\\/www.sindpdal.org.br\\\/index.php\\\/links\\\/\",\"name\":\"Links &#8211; SINDPD-AL\",\"isPartOf\":{\"@id\":\"https:\\\/\\\/www.sindpdal.org.br\\\/#website\"},\"primaryImageOfPage\":{\"@id\":\"https:\\\/\\\/www.sindpdal.org.br\\\/index.php\\\/links\\\/#primaryimage\"},\"image\":{\"@id\":\"https:\\\/\\\/www.sindpdal.org.br\\\/index.php\\\/links\\\/#primaryimage\"},\"thumbnailUrl\":\"http:\\\/\\\/www.trt19.jus.br\\\/misc\\\/images\\\/logo_trt_al_internet.jpg\",\"datePublished\":\"2016-10-24T23:40:41+00:00\",\"dateModified\":\"2017-03-29T04:55:29+00:00\",\"breadcrumb\":{\"@id\":\"https:\\\/\\\/www.sindpdal.org.br\\\/index.php\\\/links\\\/#breadcrumb\"},\"inLanguage\":\"pt-BR\",\"potentialAction\":[{\"@type\":\"ReadAction\",\"target\":[\"https:\\\/\\\/www.sindpdal.org.br\\\/index.php\\\/links\\\/\"]}]},{\"@type\":\"ImageObject\",\"inLanguage\":\"pt-BR\",\"@id\":\"https:\\\/\\\/www.sindpdal.org.br\\\/index.php\\\/links\\\/#primaryimage\",\"url\":\"http:\\\/\\\/www.trt19.jus.br\\\/misc\\\/images\\\/logo_trt_al_internet.jpg\",\"contentUrl\":\"http:\\\/\\\/www.trt19.jus.br\\\/misc\\\/images\\\/logo_trt_al_internet.jpg\"},{\"@type\":\"BreadcrumbList\",\"@id\":\"https:\\\/\\\/www.sindpdal.org.br\\\/index.php\\\/links\\\/#breadcrumb\",\"itemListElement\":[{\"@type\":\"ListItem\",\"position\":1,\"name\":\"In\u00edcio\",\"item\":\"https:\\\/\\\/www.sindpdal.org.br\\\/\"},{\"@type\":\"ListItem\",\"position\":2,\"name\":\"Links\"}]},{\"@type\":\"WebSite\",\"@id\":\"https:\\\/\\\/www.sindpdal.org.br\\\/#website\",\"url\":\"https:\\\/\\\/www.sindpdal.org.br\\\/\",\"name\":\"SINDPD-AL\",\"description\":\"SIND TRAB EMP ORG PUB PRIV PROC DE DADOS DE AL\",\"potentialAction\":[{\"@type\":\"SearchAction\",\"target\":{\"@type\":\"EntryPoint\",\"urlTemplate\":\"https:\\\/\\\/www.sindpdal.org.br\\\/?s={search_term_string}\"},\"query-input\":{\"@type\":\"PropertyValueSpecification\",\"valueRequired\":true,\"valueName\":\"search_term_string\"}}],\"inLanguage\":\"pt-BR\"}]}<\/script>\n<!-- \/ Yoast SEO plugin. -->","yoast_head_json":{"title":"Links &#8211; SINDPD-AL","robots":{"index":"index","follow":"follow","max-snippet":"max-snippet:-1","max-image-preview":"max-image-preview:large","max-video-preview":"max-video-preview:-1"},"canonical":"https:\/\/www.sindpdal.org.br\/index.php\/links\/","og_locale":"pt_BR","og_type":"article","og_title":"Links &#8211; SINDPD-AL","og_description":"Conhe\u00e7a os sites que o SINDPD-AL recomenda para a sua navega\u00e7\u00e3o. Tribunal Regional do Trabalho &#8211; 19\u00aa Regi\u00e3o &#8211; Alagoas http:\/\/www.trt19.jus.br &nbsp; &nbsp; &nbsp; &nbsp; &nbsp; &nbsp;","og_url":"https:\/\/www.sindpdal.org.br\/index.php\/links\/","og_site_name":"SINDPD-AL","article_modified_time":"2017-03-29T04:55:29+00:00","og_image":[{"url":"http:\/\/www.trt19.jus.br\/misc\/images\/logo_trt_al_internet.jpg","type":"","width":"","height":""}],"twitter_card":"summary_large_image","schema":{"@context":"https:\/\/schema.org","@graph":[{"@type":"WebPage","@id":"https:\/\/www.sindpdal.org.br\/index.php\/links\/","url":"https:\/\/www.sindpdal.org.br\/index.php\/links\/","name":"Links &#8211; SINDPD-AL","isPartOf":{"@id":"https:\/\/www.sindpdal.org.br\/#website"},"primaryImageOfPage":{"@id":"https:\/\/www.sindpdal.org.br\/index.php\/links\/#primaryimage"},"image":{"@id":"https:\/\/www.sindpdal.org.br\/index.php\/links\/#primaryimage"},"thumbnailUrl":"http:\/\/www.trt19.jus.br\/misc\/images\/logo_trt_al_internet.jpg","datePublished":"2016-10-24T23:40:41+00:00","dateModified":"2017-03-29T04:55:29+00:00","breadcrumb":{"@id":"https:\/\/www.sindpdal.org.br\/index.php\/links\/#breadcrumb"},"inLanguage":"pt-BR","potentialAction":[{"@type":"ReadAction","target":["https:\/\/www.sindpdal.org.br\/index.php\/links\/"]}]},{"@type":"ImageObject","inLanguage":"pt-BR","@id":"https:\/\/www.sindpdal.org.br\/index.php\/links\/#primaryimage","url":"http:\/\/www.trt19.jus.br\/misc\/images\/logo_trt_al_internet.jpg","contentUrl":"http:\/\/www.trt19.jus.br\/misc\/images\/logo_trt_al_internet.jpg"},{"@type":"BreadcrumbList","@id":"https:\/\/www.sindpdal.org.br\/index.php\/links\/#breadcrumb","itemListElement":[{"@type":"ListItem","position":1,"name":"In\u00edcio","item":"https:\/\/www.sindpdal.org.br\/"},{"@type":"ListItem","position":2,"name":"Links"}]},{"@type":"WebSite","@id":"https:\/\/www.sindpdal.org.br\/#website","url":"https:\/\/www.sindpdal.org.br\/","name":"SINDPD-AL","description":"SIND TRAB EMP ORG PUB PRIV PROC DE DADOS DE AL","potentialAction":[{"@type":"SearchAction","target":{"@type":"EntryPoint","urlTemplate":"https:\/\/www.sindpdal.org.br\/?s={search_term_string}"},"query-input":{"@type":"PropertyValueSpecification","valueRequired":true,"valueName":"search_term_string"}}],"inLanguage":"pt-BR"}]}},"_links":{"self":[{"href":"https:\/\/www.sindpdal.org.br\/index.php\/wp-json\/wp\/v2\/pages\/77","targetHints":{"allow":["GET"]}}],"collection":[{"href":"https:\/\/www.sindpdal.org.br\/index.php\/wp-json\/wp\/v2\/pages"}],"about":[{"href":"https:\/\/www.sindpdal.org.br\/index.php\/wp-json\/wp\/v2\/types\/page"}],"author":[{"embeddable":true,"href":"https:\/\/www.sindpdal.org.br\/index.php\/wp-json\/wp\/v2\/users\/1"}],"replies":[{"embeddable":true,"href":"https:\/\/www.sindpdal.org.br\/index.php\/wp-json\/wp\/v2\/comments?post=77"}],"version-history":[{"count":9,"href":"https:\/\/www.sindpdal.org.br\/index.php\/wp-json\/wp\/v2\/pages\/77\/revisions"}],"predecessor-version":[{"id":258,"href":"https:\/\/www.sindpdal.org.br\/index.php\/wp-json\/wp\/v2\/pages\/77\/revisions\/258"}],"wp:attachment":[{"href":"https:\/\/www.sindpdal.org.br\/index.php\/wp-json\/wp\/v2\/media?parent=77"}],"curies":[{"name":"wp","href":"https:\/\/api.w.org\/{rel}","templated":true}]}}