{"id":67,"date":"2016-10-24T20:37:17","date_gmt":"2016-10-24T23:37:17","guid":{"rendered":"http:\/\/www.sindpdal.org.br\/?page_id=67"},"modified":"2018-02-15T12:02:51","modified_gmt":"2018-02-15T15:02:51","slug":"informacoes-gerais","status":"publish","type":"page","link":"https:\/\/www.sindpdal.org.br\/index.php\/informacoes-gerais\/","title":{"rendered":"Informa\u00e7\u00f5es Gerais"},"content":{"rendered":"<p style=\"text-align: justify;\">S\u00f3 o sindicato da categoria possui legalmente algumas prerrogativas (atribui\u00e7\u00f5es exclusivas). Elas est\u00e3o mencionadas no Art. 513 da CLT. No exerc\u00edcio de sua representa\u00e7\u00e3o, cabe ao sindicato defender e garantir, junto ao sindicato patronal ou diretamente aos empregadores, os direitos e as conquistas dos trabalhadores de sua base, buscando estabelecer mais equil\u00edbrio na rela\u00e7\u00e3o capital e trabalho. Cumpre importante papel, pois, al\u00e9m de negociar melhores sal\u00e1rios, estabelece acordos coletivos que melhoram as rela\u00e7\u00f5es de emprego dos profissionais que representa e luta pela amplia\u00e7\u00e3o dos seus benef\u00edcios e da melhoria das condi\u00e7\u00f5es gerais de trabalho. O direito \u00e0 representa\u00e7\u00e3o sindical \u00e9 uma conquista do trabalhador, um direito adquirido do qual n\u00e3o podemos abrir m\u00e3o.<\/p>\n<p style=\"text-align: justify;\">O objetivo principal do do SINDPD-AL\u00a0\u00e9 defender os direitos da categoria.<\/p>\n<p style=\"text-align: justify;\" title=\" Se voc\u00ea \u00e9 s\u00f3cio ou n\u00e3o, \u00a0 venha falar com a gente.\">Se voc\u00ea \u00e9 s\u00f3cio ou n\u00e3o, venha falar com a gente.<\/p>\n","protected":false},"excerpt":{"rendered":"<p>S\u00f3 o sindicato da categoria possui legalmente algumas prerrogativas (atribui\u00e7\u00f5es exclusivas). Elas est\u00e3o mencionadas no Art. 513 da CLT. No exerc\u00edcio de sua representa\u00e7\u00e3o, cabe ao sindicato defender e garantir, junto ao sindicato patronal ou diretamente aos empregadores, os direitos e as conquistas dos trabalhadores de sua base, buscando estabelecer mais equil\u00edbrio na rela\u00e7\u00e3o capital [&hellip;]<\/p>\n","protected":false},"author":1,"featured_media":0,"parent":0,"menu_order":0,"comment_status":"closed","ping_status":"closed","template":"","meta":{"footnotes":""},"class_list":["post-67","page","type-page","status-publish","hentry"],"yoast_head":"<!-- This site is optimized with the Yoast SEO plugin v27.4 - https:\/\/yoast.com\/product\/yoast-seo-wordpress\/ -->\n<title>Informa\u00e7\u00f5es Gerais &#8211; SINDPD-AL<\/title>\n<meta name=\"robots\" content=\"index, follow, max-snippet:-1, max-image-preview:large, max-video-preview:-1\" \/>\n<link rel=\"canonical\" href=\"https:\/\/www.sindpdal.org.br\/index.php\/informacoes-gerais\/\" \/>\n<meta property=\"og:locale\" content=\"pt_BR\" \/>\n<meta property=\"og:type\" content=\"article\" \/>\n<meta property=\"og:title\" content=\"Informa\u00e7\u00f5es Gerais &#8211; SINDPD-AL\" \/>\n<meta property=\"og:description\" content=\"S\u00f3 o sindicato da categoria possui legalmente algumas prerrogativas (atribui\u00e7\u00f5es exclusivas). Elas est\u00e3o mencionadas no Art. 513 da CLT. No exerc\u00edcio de sua representa\u00e7\u00e3o, cabe ao sindicato defender e garantir, junto ao sindicato patronal ou diretamente aos empregadores, os direitos e as conquistas dos trabalhadores de sua base, buscando estabelecer mais equil\u00edbrio na rela\u00e7\u00e3o capital [&hellip;]\" \/>\n<meta property=\"og:url\" content=\"https:\/\/www.sindpdal.org.br\/index.php\/informacoes-gerais\/\" \/>\n<meta property=\"og:site_name\" content=\"SINDPD-AL\" \/>\n<meta property=\"article:modified_time\" content=\"2018-02-15T15:02:51+00:00\" \/>\n<meta name=\"twitter:card\" content=\"summary_large_image\" \/>\n<meta name=\"twitter:label1\" content=\"Est. tempo de leitura\" \/>\n\t<meta name=\"twitter:data1\" content=\"1 minuto\" \/>\n<script type=\"application\/ld+json\" class=\"yoast-schema-graph\">{\"@context\":\"https:\\\/\\\/schema.org\",\"@graph\":[{\"@type\":\"WebPage\",\"@id\":\"https:\\\/\\\/www.sindpdal.org.br\\\/index.php\\\/informacoes-gerais\\\/\",\"url\":\"https:\\\/\\\/www.sindpdal.org.br\\\/index.php\\\/informacoes-gerais\\\/\",\"name\":\"Informa\u00e7\u00f5es Gerais &#8211; SINDPD-AL\",\"isPartOf\":{\"@id\":\"https:\\\/\\\/www.sindpdal.org.br\\\/#website\"},\"datePublished\":\"2016-10-24T23:37:17+00:00\",\"dateModified\":\"2018-02-15T15:02:51+00:00\",\"breadcrumb\":{\"@id\":\"https:\\\/\\\/www.sindpdal.org.br\\\/index.php\\\/informacoes-gerais\\\/#breadcrumb\"},\"inLanguage\":\"pt-BR\",\"potentialAction\":[{\"@type\":\"ReadAction\",\"target\":[\"https:\\\/\\\/www.sindpdal.org.br\\\/index.php\\\/informacoes-gerais\\\/\"]}]},{\"@type\":\"BreadcrumbList\",\"@id\":\"https:\\\/\\\/www.sindpdal.org.br\\\/index.php\\\/informacoes-gerais\\\/#breadcrumb\",\"itemListElement\":[{\"@type\":\"ListItem\",\"position\":1,\"name\":\"In\u00edcio\",\"item\":\"https:\\\/\\\/www.sindpdal.org.br\\\/\"},{\"@type\":\"ListItem\",\"position\":2,\"name\":\"Informa\u00e7\u00f5es Gerais\"}]},{\"@type\":\"WebSite\",\"@id\":\"https:\\\/\\\/www.sindpdal.org.br\\\/#website\",\"url\":\"https:\\\/\\\/www.sindpdal.org.br\\\/\",\"name\":\"SINDPD-AL\",\"description\":\"SIND TRAB EMP ORG PUB PRIV PROC DE DADOS DE AL\",\"potentialAction\":[{\"@type\":\"SearchAction\",\"target\":{\"@type\":\"EntryPoint\",\"urlTemplate\":\"https:\\\/\\\/www.sindpdal.org.br\\\/?s={search_term_string}\"},\"query-input\":{\"@type\":\"PropertyValueSpecification\",\"valueRequired\":true,\"valueName\":\"search_term_string\"}}],\"inLanguage\":\"pt-BR\"}]}<\/script>\n<!-- \/ Yoast SEO plugin. -->","yoast_head_json":{"title":"Informa\u00e7\u00f5es Gerais &#8211; SINDPD-AL","robots":{"index":"index","follow":"follow","max-snippet":"max-snippet:-1","max-image-preview":"max-image-preview:large","max-video-preview":"max-video-preview:-1"},"canonical":"https:\/\/www.sindpdal.org.br\/index.php\/informacoes-gerais\/","og_locale":"pt_BR","og_type":"article","og_title":"Informa\u00e7\u00f5es Gerais &#8211; SINDPD-AL","og_description":"S\u00f3 o sindicato da categoria possui legalmente algumas prerrogativas (atribui\u00e7\u00f5es exclusivas). Elas est\u00e3o mencionadas no Art. 513 da CLT. No exerc\u00edcio de sua representa\u00e7\u00e3o, cabe ao sindicato defender e garantir, junto ao sindicato patronal ou diretamente aos empregadores, os direitos e as conquistas dos trabalhadores de sua base, buscando estabelecer mais equil\u00edbrio na rela\u00e7\u00e3o capital [&hellip;]","og_url":"https:\/\/www.sindpdal.org.br\/index.php\/informacoes-gerais\/","og_site_name":"SINDPD-AL","article_modified_time":"2018-02-15T15:02:51+00:00","twitter_card":"summary_large_image","twitter_misc":{"Est. tempo de leitura":"1 minuto"},"schema":{"@context":"https:\/\/schema.org","@graph":[{"@type":"WebPage","@id":"https:\/\/www.sindpdal.org.br\/index.php\/informacoes-gerais\/","url":"https:\/\/www.sindpdal.org.br\/index.php\/informacoes-gerais\/","name":"Informa\u00e7\u00f5es Gerais &#8211; SINDPD-AL","isPartOf":{"@id":"https:\/\/www.sindpdal.org.br\/#website"},"datePublished":"2016-10-24T23:37:17+00:00","dateModified":"2018-02-15T15:02:51+00:00","breadcrumb":{"@id":"https:\/\/www.sindpdal.org.br\/index.php\/informacoes-gerais\/#breadcrumb"},"inLanguage":"pt-BR","potentialAction":[{"@type":"ReadAction","target":["https:\/\/www.sindpdal.org.br\/index.php\/informacoes-gerais\/"]}]},{"@type":"BreadcrumbList","@id":"https:\/\/www.sindpdal.org.br\/index.php\/informacoes-gerais\/#breadcrumb","itemListElement":[{"@type":"ListItem","position":1,"name":"In\u00edcio","item":"https:\/\/www.sindpdal.org.br\/"},{"@type":"ListItem","position":2,"name":"Informa\u00e7\u00f5es Gerais"}]},{"@type":"WebSite","@id":"https:\/\/www.sindpdal.org.br\/#website","url":"https:\/\/www.sindpdal.org.br\/","name":"SINDPD-AL","description":"SIND TRAB EMP ORG PUB PRIV PROC DE DADOS DE AL","potentialAction":[{"@type":"SearchAction","target":{"@type":"EntryPoint","urlTemplate":"https:\/\/www.sindpdal.org.br\/?s={search_term_string}"},"query-input":{"@type":"PropertyValueSpecification","valueRequired":true,"valueName":"search_term_string"}}],"inLanguage":"pt-BR"}]}},"_links":{"self":[{"href":"https:\/\/www.sindpdal.org.br\/index.php\/wp-json\/wp\/v2\/pages\/67","targetHints":{"allow":["GET"]}}],"collection":[{"href":"https:\/\/www.sindpdal.org.br\/index.php\/wp-json\/wp\/v2\/pages"}],"about":[{"href":"https:\/\/www.sindpdal.org.br\/index.php\/wp-json\/wp\/v2\/types\/page"}],"author":[{"embeddable":true,"href":"https:\/\/www.sindpdal.org.br\/index.php\/wp-json\/wp\/v2\/users\/1"}],"replies":[{"embeddable":true,"href":"https:\/\/www.sindpdal.org.br\/index.php\/wp-json\/wp\/v2\/comments?post=67"}],"version-history":[{"count":6,"href":"https:\/\/www.sindpdal.org.br\/index.php\/wp-json\/wp\/v2\/pages\/67\/revisions"}],"predecessor-version":[{"id":475,"href":"https:\/\/www.sindpdal.org.br\/index.php\/wp-json\/wp\/v2\/pages\/67\/revisions\/475"}],"wp:attachment":[{"href":"https:\/\/www.sindpdal.org.br\/index.php\/wp-json\/wp\/v2\/media?parent=67"}],"curies":[{"name":"wp","href":"https:\/\/api.w.org\/{rel}","templated":true}]}}