{"id":476,"date":"2018-02-15T12:31:40","date_gmt":"2018-02-15T15:31:40","guid":{"rendered":"http:\/\/www.sindpdal.org.br\/?page_id=476"},"modified":"2018-02-15T12:32:31","modified_gmt":"2018-02-15T15:32:31","slug":"classificado-curriculum-vitae","status":"publish","type":"page","link":"https:\/\/www.sindpdal.org.br\/index.php\/classificado-curriculum-vitae\/","title":{"rendered":"CLASSIFICADO &#8211; CURRICULUM VITAE"},"content":{"rendered":"<p>P\u00e1gina destinada a divulga\u00e7\u00e3o de\u00a0forma gratuita de curriculum vitae de trabalhadores da \u00e1rea de Tecnologia da Informa\u00e7\u00e3o e similares.<\/p>\n<p>Nos envie\u00a0seu\u00a0curriculum pelo e-mail: SINDPDAL@GMAIL.COM.<\/p>\n","protected":false},"excerpt":{"rendered":"<p>P\u00e1gina destinada a divulga\u00e7\u00e3o de\u00a0forma gratuita de curriculum vitae de trabalhadores da \u00e1rea de Tecnologia da Informa\u00e7\u00e3o e similares. Nos envie\u00a0seu\u00a0curriculum pelo e-mail: SINDPDAL@GMAIL.COM.<\/p>\n","protected":false},"author":1,"featured_media":0,"parent":0,"menu_order":0,"comment_status":"closed","ping_status":"closed","template":"","meta":{"footnotes":""},"class_list":["post-476","page","type-page","status-publish","hentry"],"yoast_head":"<!-- This site is optimized with the Yoast SEO plugin v27.5 - https:\/\/yoast.com\/product\/yoast-seo-wordpress\/ -->\n<title>CLASSIFICADO - CURRICULUM VITAE &#8211; SINDPD-AL<\/title>\n<meta name=\"robots\" content=\"index, follow, max-snippet:-1, max-image-preview:large, max-video-preview:-1\" \/>\n<link rel=\"canonical\" href=\"https:\/\/www.sindpdal.org.br\/index.php\/classificado-curriculum-vitae\/\" \/>\n<meta property=\"og:locale\" content=\"pt_BR\" \/>\n<meta property=\"og:type\" content=\"article\" \/>\n<meta property=\"og:title\" content=\"CLASSIFICADO - CURRICULUM VITAE &#8211; SINDPD-AL\" \/>\n<meta property=\"og:description\" content=\"P\u00e1gina destinada a divulga\u00e7\u00e3o de\u00a0forma gratuita de curriculum vitae de trabalhadores da \u00e1rea de Tecnologia da Informa\u00e7\u00e3o e similares. Nos envie\u00a0seu\u00a0curriculum pelo e-mail: SINDPDAL@GMAIL.COM.\" \/>\n<meta property=\"og:url\" content=\"https:\/\/www.sindpdal.org.br\/index.php\/classificado-curriculum-vitae\/\" \/>\n<meta property=\"og:site_name\" content=\"SINDPD-AL\" \/>\n<meta property=\"article:modified_time\" content=\"2018-02-15T15:32:31+00:00\" \/>\n<meta name=\"twitter:card\" content=\"summary_large_image\" \/>\n<script type=\"application\/ld+json\" class=\"yoast-schema-graph\">{\"@context\":\"https:\\\/\\\/schema.org\",\"@graph\":[{\"@type\":\"WebPage\",\"@id\":\"https:\\\/\\\/www.sindpdal.org.br\\\/index.php\\\/classificado-curriculum-vitae\\\/\",\"url\":\"https:\\\/\\\/www.sindpdal.org.br\\\/index.php\\\/classificado-curriculum-vitae\\\/\",\"name\":\"CLASSIFICADO - CURRICULUM VITAE &#8211; SINDPD-AL\",\"isPartOf\":{\"@id\":\"https:\\\/\\\/www.sindpdal.org.br\\\/#website\"},\"datePublished\":\"2018-02-15T15:31:40+00:00\",\"dateModified\":\"2018-02-15T15:32:31+00:00\",\"breadcrumb\":{\"@id\":\"https:\\\/\\\/www.sindpdal.org.br\\\/index.php\\\/classificado-curriculum-vitae\\\/#breadcrumb\"},\"inLanguage\":\"pt-BR\",\"potentialAction\":[{\"@type\":\"ReadAction\",\"target\":[\"https:\\\/\\\/www.sindpdal.org.br\\\/index.php\\\/classificado-curriculum-vitae\\\/\"]}]},{\"@type\":\"BreadcrumbList\",\"@id\":\"https:\\\/\\\/www.sindpdal.org.br\\\/index.php\\\/classificado-curriculum-vitae\\\/#breadcrumb\",\"itemListElement\":[{\"@type\":\"ListItem\",\"position\":1,\"name\":\"In\u00edcio\",\"item\":\"https:\\\/\\\/www.sindpdal.org.br\\\/\"},{\"@type\":\"ListItem\",\"position\":2,\"name\":\"CLASSIFICADO &#8211; CURRICULUM VITAE\"}]},{\"@type\":\"WebSite\",\"@id\":\"https:\\\/\\\/www.sindpdal.org.br\\\/#website\",\"url\":\"https:\\\/\\\/www.sindpdal.org.br\\\/\",\"name\":\"SINDPD-AL\",\"description\":\"SIND TRAB EMP ORG PUB PRIV PROC DE DADOS DE AL\",\"potentialAction\":[{\"@type\":\"SearchAction\",\"target\":{\"@type\":\"EntryPoint\",\"urlTemplate\":\"https:\\\/\\\/www.sindpdal.org.br\\\/?s={search_term_string}\"},\"query-input\":{\"@type\":\"PropertyValueSpecification\",\"valueRequired\":true,\"valueName\":\"search_term_string\"}}],\"inLanguage\":\"pt-BR\"}]}<\/script>\n<!-- \/ Yoast SEO plugin. -->","yoast_head_json":{"title":"CLASSIFICADO - CURRICULUM VITAE &#8211; SINDPD-AL","robots":{"index":"index","follow":"follow","max-snippet":"max-snippet:-1","max-image-preview":"max-image-preview:large","max-video-preview":"max-video-preview:-1"},"canonical":"https:\/\/www.sindpdal.org.br\/index.php\/classificado-curriculum-vitae\/","og_locale":"pt_BR","og_type":"article","og_title":"CLASSIFICADO - CURRICULUM VITAE &#8211; SINDPD-AL","og_description":"P\u00e1gina destinada a divulga\u00e7\u00e3o de\u00a0forma gratuita de curriculum vitae de trabalhadores da \u00e1rea de Tecnologia da Informa\u00e7\u00e3o e similares. Nos envie\u00a0seu\u00a0curriculum pelo e-mail: SINDPDAL@GMAIL.COM.","og_url":"https:\/\/www.sindpdal.org.br\/index.php\/classificado-curriculum-vitae\/","og_site_name":"SINDPD-AL","article_modified_time":"2018-02-15T15:32:31+00:00","twitter_card":"summary_large_image","schema":{"@context":"https:\/\/schema.org","@graph":[{"@type":"WebPage","@id":"https:\/\/www.sindpdal.org.br\/index.php\/classificado-curriculum-vitae\/","url":"https:\/\/www.sindpdal.org.br\/index.php\/classificado-curriculum-vitae\/","name":"CLASSIFICADO - CURRICULUM VITAE &#8211; SINDPD-AL","isPartOf":{"@id":"https:\/\/www.sindpdal.org.br\/#website"},"datePublished":"2018-02-15T15:31:40+00:00","dateModified":"2018-02-15T15:32:31+00:00","breadcrumb":{"@id":"https:\/\/www.sindpdal.org.br\/index.php\/classificado-curriculum-vitae\/#breadcrumb"},"inLanguage":"pt-BR","potentialAction":[{"@type":"ReadAction","target":["https:\/\/www.sindpdal.org.br\/index.php\/classificado-curriculum-vitae\/"]}]},{"@type":"BreadcrumbList","@id":"https:\/\/www.sindpdal.org.br\/index.php\/classificado-curriculum-vitae\/#breadcrumb","itemListElement":[{"@type":"ListItem","position":1,"name":"In\u00edcio","item":"https:\/\/www.sindpdal.org.br\/"},{"@type":"ListItem","position":2,"name":"CLASSIFICADO &#8211; CURRICULUM VITAE"}]},{"@type":"WebSite","@id":"https:\/\/www.sindpdal.org.br\/#website","url":"https:\/\/www.sindpdal.org.br\/","name":"SINDPD-AL","description":"SIND TRAB EMP ORG PUB PRIV PROC DE DADOS DE AL","potentialAction":[{"@type":"SearchAction","target":{"@type":"EntryPoint","urlTemplate":"https:\/\/www.sindpdal.org.br\/?s={search_term_string}"},"query-input":{"@type":"PropertyValueSpecification","valueRequired":true,"valueName":"search_term_string"}}],"inLanguage":"pt-BR"}]}},"_links":{"self":[{"href":"https:\/\/www.sindpdal.org.br\/index.php\/wp-json\/wp\/v2\/pages\/476","targetHints":{"allow":["GET"]}}],"collection":[{"href":"https:\/\/www.sindpdal.org.br\/index.php\/wp-json\/wp\/v2\/pages"}],"about":[{"href":"https:\/\/www.sindpdal.org.br\/index.php\/wp-json\/wp\/v2\/types\/page"}],"author":[{"embeddable":true,"href":"https:\/\/www.sindpdal.org.br\/index.php\/wp-json\/wp\/v2\/users\/1"}],"replies":[{"embeddable":true,"href":"https:\/\/www.sindpdal.org.br\/index.php\/wp-json\/wp\/v2\/comments?post=476"}],"version-history":[{"count":3,"href":"https:\/\/www.sindpdal.org.br\/index.php\/wp-json\/wp\/v2\/pages\/476\/revisions"}],"predecessor-version":[{"id":479,"href":"https:\/\/www.sindpdal.org.br\/index.php\/wp-json\/wp\/v2\/pages\/476\/revisions\/479"}],"wp:attachment":[{"href":"https:\/\/www.sindpdal.org.br\/index.php\/wp-json\/wp\/v2\/media?parent=476"}],"curies":[{"name":"wp","href":"https:\/\/api.w.org\/{rel}","templated":true}]}}