{"id":39,"date":"2016-10-24T20:17:10","date_gmt":"2016-10-24T23:17:10","guid":{"rendered":"http:\/\/www.sindpdal.org.br\/?page_id=39"},"modified":"2026-04-14T13:02:00","modified_gmt":"2026-04-14T16:02:00","slug":"diretoria","status":"publish","type":"page","link":"https:\/\/www.sindpdal.org.br\/index.php\/diretoria\/","title":{"rendered":"Diretoria"},"content":{"rendered":"<p>Abaixo, os membros da Diretoria Colegiada e do Conselho Fiscal, eleitos para o quinqu\u00eanio 2020-2025.<\/p>\n<p><strong>Diretoria Executiva<\/strong><\/p>\n<p>Walfredo Luz Pitombeira J\u00fanior<\/p>\n<p>Adriano Euclides Marinho Gomes<\/p>\n<p>Jos\u00e9 Givaldo Buarque Ferreira<\/p>\n<p>Rog\u00e9rio Silva Alves<\/p>\n<p><span style=\"color: #ff0000;\"><strong>Suplentes:<\/strong><\/span><\/p>\n<p>Charles Jos\u00e9 \u00c1vila Lima<\/p>\n<p>Tarek Ibrahim Chamchaum<\/p>\n<p>Marcus Luiz Dumit de Oliveira<\/p>\n<p>&nbsp;<\/p>\n","protected":false},"excerpt":{"rendered":"<p>Abaixo, os membros da Diretoria Colegiada e do Conselho Fiscal, eleitos para o quinqu\u00eanio 2020-2025. Diretoria Executiva Walfredo Luz Pitombeira J\u00fanior Adriano Euclides Marinho Gomes Jos\u00e9 Givaldo Buarque Ferreira Rog\u00e9rio Silva Alves Suplentes: Charles Jos\u00e9 \u00c1vila Lima Tarek Ibrahim Chamchaum Marcus Luiz Dumit de Oliveira &nbsp;<\/p>\n","protected":false},"author":1,"featured_media":0,"parent":0,"menu_order":0,"comment_status":"closed","ping_status":"closed","template":"","meta":{"footnotes":""},"class_list":["post-39","page","type-page","status-publish","hentry"],"yoast_head":"<!-- This site is optimized with the Yoast SEO plugin v27.4 - https:\/\/yoast.com\/product\/yoast-seo-wordpress\/ -->\n<title>Diretoria &#8211; SINDPD-AL<\/title>\n<meta name=\"description\" content=\"Diretoria e Conselho Fiscal para o tri\u00eanio 2017-2020\" \/>\n<meta name=\"robots\" content=\"index, follow, max-snippet:-1, max-image-preview:large, max-video-preview:-1\" \/>\n<link rel=\"canonical\" href=\"https:\/\/www.sindpdal.org.br\/index.php\/diretoria\/\" \/>\n<meta property=\"og:locale\" content=\"pt_BR\" \/>\n<meta property=\"og:type\" content=\"article\" \/>\n<meta property=\"og:title\" content=\"Diretoria &#8211; SINDPD-AL\" \/>\n<meta property=\"og:description\" content=\"Diretoria e Conselho Fiscal para o tri\u00eanio 2017-2020\" \/>\n<meta property=\"og:url\" content=\"https:\/\/www.sindpdal.org.br\/index.php\/diretoria\/\" \/>\n<meta property=\"og:site_name\" content=\"SINDPD-AL\" \/>\n<meta property=\"article:modified_time\" content=\"2026-04-14T16:02:00+00:00\" \/>\n<meta name=\"twitter:card\" content=\"summary_large_image\" \/>\n<meta name=\"twitter:label1\" content=\"Est. tempo de leitura\" \/>\n\t<meta name=\"twitter:data1\" content=\"1 minuto\" \/>\n<script type=\"application\/ld+json\" class=\"yoast-schema-graph\">{\"@context\":\"https:\\\/\\\/schema.org\",\"@graph\":[{\"@type\":\"WebPage\",\"@id\":\"https:\\\/\\\/www.sindpdal.org.br\\\/index.php\\\/diretoria\\\/\",\"url\":\"https:\\\/\\\/www.sindpdal.org.br\\\/index.php\\\/diretoria\\\/\",\"name\":\"Diretoria &#8211; SINDPD-AL\",\"isPartOf\":{\"@id\":\"https:\\\/\\\/www.sindpdal.org.br\\\/#website\"},\"datePublished\":\"2016-10-24T23:17:10+00:00\",\"dateModified\":\"2026-04-14T16:02:00+00:00\",\"description\":\"Diretoria e Conselho Fiscal para o tri\u00eanio 2017-2020\",\"breadcrumb\":{\"@id\":\"https:\\\/\\\/www.sindpdal.org.br\\\/index.php\\\/diretoria\\\/#breadcrumb\"},\"inLanguage\":\"pt-BR\",\"potentialAction\":[{\"@type\":\"ReadAction\",\"target\":[\"https:\\\/\\\/www.sindpdal.org.br\\\/index.php\\\/diretoria\\\/\"]}]},{\"@type\":\"BreadcrumbList\",\"@id\":\"https:\\\/\\\/www.sindpdal.org.br\\\/index.php\\\/diretoria\\\/#breadcrumb\",\"itemListElement\":[{\"@type\":\"ListItem\",\"position\":1,\"name\":\"In\u00edcio\",\"item\":\"https:\\\/\\\/www.sindpdal.org.br\\\/\"},{\"@type\":\"ListItem\",\"position\":2,\"name\":\"Diretoria\"}]},{\"@type\":\"WebSite\",\"@id\":\"https:\\\/\\\/www.sindpdal.org.br\\\/#website\",\"url\":\"https:\\\/\\\/www.sindpdal.org.br\\\/\",\"name\":\"SINDPD-AL\",\"description\":\"SIND TRAB EMP ORG PUB PRIV PROC DE DADOS DE AL\",\"potentialAction\":[{\"@type\":\"SearchAction\",\"target\":{\"@type\":\"EntryPoint\",\"urlTemplate\":\"https:\\\/\\\/www.sindpdal.org.br\\\/?s={search_term_string}\"},\"query-input\":{\"@type\":\"PropertyValueSpecification\",\"valueRequired\":true,\"valueName\":\"search_term_string\"}}],\"inLanguage\":\"pt-BR\"}]}<\/script>\n<!-- \/ Yoast SEO plugin. -->","yoast_head_json":{"title":"Diretoria &#8211; SINDPD-AL","description":"Diretoria e Conselho Fiscal para o tri\u00eanio 2017-2020","robots":{"index":"index","follow":"follow","max-snippet":"max-snippet:-1","max-image-preview":"max-image-preview:large","max-video-preview":"max-video-preview:-1"},"canonical":"https:\/\/www.sindpdal.org.br\/index.php\/diretoria\/","og_locale":"pt_BR","og_type":"article","og_title":"Diretoria &#8211; SINDPD-AL","og_description":"Diretoria e Conselho Fiscal para o tri\u00eanio 2017-2020","og_url":"https:\/\/www.sindpdal.org.br\/index.php\/diretoria\/","og_site_name":"SINDPD-AL","article_modified_time":"2026-04-14T16:02:00+00:00","twitter_card":"summary_large_image","twitter_misc":{"Est. tempo de leitura":"1 minuto"},"schema":{"@context":"https:\/\/schema.org","@graph":[{"@type":"WebPage","@id":"https:\/\/www.sindpdal.org.br\/index.php\/diretoria\/","url":"https:\/\/www.sindpdal.org.br\/index.php\/diretoria\/","name":"Diretoria &#8211; SINDPD-AL","isPartOf":{"@id":"https:\/\/www.sindpdal.org.br\/#website"},"datePublished":"2016-10-24T23:17:10+00:00","dateModified":"2026-04-14T16:02:00+00:00","description":"Diretoria e Conselho Fiscal para o tri\u00eanio 2017-2020","breadcrumb":{"@id":"https:\/\/www.sindpdal.org.br\/index.php\/diretoria\/#breadcrumb"},"inLanguage":"pt-BR","potentialAction":[{"@type":"ReadAction","target":["https:\/\/www.sindpdal.org.br\/index.php\/diretoria\/"]}]},{"@type":"BreadcrumbList","@id":"https:\/\/www.sindpdal.org.br\/index.php\/diretoria\/#breadcrumb","itemListElement":[{"@type":"ListItem","position":1,"name":"In\u00edcio","item":"https:\/\/www.sindpdal.org.br\/"},{"@type":"ListItem","position":2,"name":"Diretoria"}]},{"@type":"WebSite","@id":"https:\/\/www.sindpdal.org.br\/#website","url":"https:\/\/www.sindpdal.org.br\/","name":"SINDPD-AL","description":"SIND TRAB EMP ORG PUB PRIV PROC DE DADOS DE AL","potentialAction":[{"@type":"SearchAction","target":{"@type":"EntryPoint","urlTemplate":"https:\/\/www.sindpdal.org.br\/?s={search_term_string}"},"query-input":{"@type":"PropertyValueSpecification","valueRequired":true,"valueName":"search_term_string"}}],"inLanguage":"pt-BR"}]}},"_links":{"self":[{"href":"https:\/\/www.sindpdal.org.br\/index.php\/wp-json\/wp\/v2\/pages\/39","targetHints":{"allow":["GET"]}}],"collection":[{"href":"https:\/\/www.sindpdal.org.br\/index.php\/wp-json\/wp\/v2\/pages"}],"about":[{"href":"https:\/\/www.sindpdal.org.br\/index.php\/wp-json\/wp\/v2\/types\/page"}],"author":[{"embeddable":true,"href":"https:\/\/www.sindpdal.org.br\/index.php\/wp-json\/wp\/v2\/users\/1"}],"replies":[{"embeddable":true,"href":"https:\/\/www.sindpdal.org.br\/index.php\/wp-json\/wp\/v2\/comments?post=39"}],"version-history":[{"count":14,"href":"https:\/\/www.sindpdal.org.br\/index.php\/wp-json\/wp\/v2\/pages\/39\/revisions"}],"predecessor-version":[{"id":627,"href":"https:\/\/www.sindpdal.org.br\/index.php\/wp-json\/wp\/v2\/pages\/39\/revisions\/627"}],"wp:attachment":[{"href":"https:\/\/www.sindpdal.org.br\/index.php\/wp-json\/wp\/v2\/media?parent=39"}],"curies":[{"name":"wp","href":"https:\/\/api.w.org\/{rel}","templated":true}]}}