{"id":2,"date":"2016-10-21T17:08:27","date_gmt":"2016-10-21T19:08:27","guid":{"rendered":"http:\/\/www.sindpdal.org.br\/?page_id=2"},"modified":"2025-08-11T16:08:28","modified_gmt":"2025-08-11T19:08:28","slug":"inicio","status":"publish","type":"page","link":"https:\/\/www.sindpdal.org.br\/","title":{"rendered":"In\u00edcio"},"content":{"rendered":"<h2 style=\"text-align: center;\"><strong>O Sindicato \u00e9 Nosso!<\/strong><\/h2>\n<p style=\"text-align: center;\"><span style=\"color: #ff0000;\"><a href=\"https:\/\/www.sindpdal.org.br\/wp-content\/uploads\/2025\/08\/CCT-2025-2026.pdf\">Conven\u00e7\u00e3o Coletiva de Trabalho 2025-2026<\/a><\/span><\/p>\n<p style=\"text-align: center;\"><span style=\"color: #ff0000;\"><a style=\"color: #ff0000;\" href=\"http:\/\/www.sindpdal.org.br\/wp-content\/uploads\/2017\/03\/FICHA-DE-SINDICALIZA\u00c7\u00c3O-FILIA\u00c7\u00c3O.pdf\">Ficha-de-Sindicalizacao-Filiacao<\/a><\/span><\/p>\n<p style=\"text-align: justify;\">O Sindicato dos Trabalhadores em Empresas e \u00d3rg\u00e3os P\u00fablicos e Privados de Processamento de Dados, Servi\u00e7os de Inform\u00e1tica e Similares e Profissionais de Processamento de Dados do Estado de Alagoas (SINDPD-AL) representa os\u00a0trabalhadores do setor de TI (Tecnologia da Informa\u00e7\u00e3o) alagoano. Nossa categoria compreende os funcion\u00e1rios das empresas privadas e p\u00fablicas (na esfera federal, e\u00a0na esfera estadual).<\/p>\n<p style=\"text-align: justify;\">Apesar de termos um quadro reduzido de filiados e filiadas, como representante dos trabalhadores, o SINDPD-AL estabelece as negocia\u00e7\u00f5es coletivas de trabalho com as empresas e resguarda o cumprimento da legisla\u00e7\u00e3o e dos acordos e conven\u00e7\u00f5es coletivas de trabalho. Tamb\u00e9m cabe ao sindicato representar os trabalhadores em f\u00f3runs de discuss\u00e3o, em a\u00e7\u00f5es trabalhistas e demais espa\u00e7os de interesse da categoria.<\/p>\n<p style=\"text-align: justify;\">O SINDPD-AL se preocupa em ser um fomentador de sa\u00fade, de atividades culturais e de lazer, contribuindo para o bem-estar do trabalhador. Tamb\u00e9m atuamos em diversas outras lutas, como por pol\u00edticas p\u00fablicas, melhorias na sa\u00fade e educa\u00e7\u00e3o, direitos trabalhistas e dos aposentados, contra a corrup\u00e7\u00e3o e a impunidade; lutas mais gerais que buscam melhorias aos trabalhadores, em AL\u00a0e no pa\u00eds.<\/p>\n<p style=\"text-align: justify;\"><em><strong>SINDPD-AL \u00e9 filiado \u00e0 FEITTINF e \u00e0 CSB<\/strong><\/em><\/p>\n<hr \/>\n<h2 style=\"text-align: justify;\">Nossas Receitas.<\/h2>\n<p style=\"text-align: justify;\">Atualmente, a arrecada\u00e7\u00e3o do SINDPD-AL \u00e9 oriunda de uma s\u00f3 origem: mensalidade sindical paga pelos trabalhadores e trabalhadoras sindicalizados(as).<\/p>\n<p style=\"text-align: justify;\"><strong>SINDICALIZA\u00c7\u00c3O:<\/strong> o trabalhador opta por se sindicalizar (se associar) ao SINDPD-AL, preenchendo a ficha de filia\u00e7\u00e3o (no site, est\u00e1 na se\u00e7\u00e3o \u201cFilie-se\u201d) e entregando, assinada, na secretaria do sindicato ou pode enviar por e-mail. A contribui\u00e7\u00e3o \u00e9 <strong>MENSAL<\/strong>, no valor de 1% do sal\u00e1rio base.<\/p>\n<p style=\"text-align: justify;\">Ao decidir pela sindicaliza\u00e7\u00e3o, o trabalhador est\u00e1 optando por participar e, assim, fortalecer a entidade que organiza a luta em defesa de seus direitos. Atualmente, al\u00e9m de organizar e ser combativo nas campanhas salariais e na defesa dos direitos dos trabalhadores de TI, o valor arrecadado com a sindicaliza\u00e7\u00e3o n\u00e3o t\u00eam permitido que o SINDPD-AL mantenha servi\u00e7os de assessoria jur\u00eddica, de comunica\u00e7\u00e3o e de homologa\u00e7\u00f5es de rescis\u00f5es de contrato (em todo o estado de Alagoas) acess\u00edvel a toda a categoria de TI. Tamb\u00e9m \u00e9 com esta contribui\u00e7\u00e3o que o sindicato tenta manter em funcionamento sua sede, apesar das dificuldades.<\/p>\n<p style=\"text-align: justify;\">Nesse sentido, estamos sempre abertos a novas sindicaliza\u00e7\u00f5es e convidamos, a todos os trabalhadores de TI, a fazerem parte efetivamente do sindicato, ajudando-o a manter os servi\u00e7os prestados por ele e a luta da categoria alagoana.<\/p>\n<p style=\"text-align: justify;\"><em><strong>Sindicato forte \u00e9 o que tem o trabalhador ao seu lado. Filie-se ao SINDPD-AL!<\/strong><\/em><\/p>\n<div id=\"icpbravoaccess_loaded\"><\/div>\n","protected":false},"excerpt":{"rendered":"<p>O Sindicato \u00e9 Nosso! Conven\u00e7\u00e3o Coletiva de Trabalho 2025-2026 Ficha-de-Sindicalizacao-Filiacao O Sindicato dos Trabalhadores em Empresas e \u00d3rg\u00e3os P\u00fablicos e Privados de Processamento de Dados, Servi\u00e7os de Inform\u00e1tica e Similares e Profissionais de Processamento de Dados do Estado de Alagoas (SINDPD-AL) representa os\u00a0trabalhadores do setor de TI (Tecnologia da Informa\u00e7\u00e3o) alagoano. Nossa categoria compreende os [&hellip;]<\/p>\n","protected":false},"author":1,"featured_media":0,"parent":0,"menu_order":0,"comment_status":"closed","ping_status":"open","template":"","meta":{"footnotes":""},"class_list":["post-2","page","type-page","status-publish","hentry"],"yoast_head":"<!-- This site is optimized with the Yoast SEO plugin v27.5 - https:\/\/yoast.com\/product\/yoast-seo-wordpress\/ -->\n<title>SINDPD-AL - SIND TRAB EMP ORG PUB PRIV PROC DE DADOS DE AL<\/title>\n<meta name=\"description\" content=\"Sindicato dos Trab. em Empresas e \u00d3rg\u00e3os P\u00fab. e Priv. de Proc. de Dados, Serv. de Inform\u00e1tica e Similares e Profissionais de Proc. de Dados do Estado de AL.\" \/>\n<meta name=\"robots\" content=\"index, follow, max-snippet:-1, max-image-preview:large, max-video-preview:-1\" \/>\n<link rel=\"canonical\" href=\"https:\/\/www.sindpdal.org.br\/\" \/>\n<meta property=\"og:locale\" content=\"pt_BR\" \/>\n<meta property=\"og:type\" content=\"article\" \/>\n<meta property=\"og:title\" content=\"SINDPD-AL - SIND TRAB EMP ORG PUB PRIV PROC DE DADOS DE AL\" \/>\n<meta property=\"og:description\" content=\"Sindicato dos Trab. em Empresas e \u00d3rg\u00e3os P\u00fab. e Priv. de Proc. de Dados, Serv. de Inform\u00e1tica e Similares e Profissionais de Proc. de Dados do Estado de AL.\" \/>\n<meta property=\"og:url\" content=\"https:\/\/www.sindpdal.org.br\/\" \/>\n<meta property=\"og:site_name\" content=\"SINDPD-AL\" \/>\n<meta property=\"article:modified_time\" content=\"2025-08-11T19:08:28+00:00\" \/>\n<meta name=\"twitter:card\" content=\"summary_large_image\" \/>\n<meta name=\"twitter:label1\" content=\"Est. tempo de leitura\" \/>\n\t<meta name=\"twitter:data1\" content=\"3 minutos\" \/>\n<script type=\"application\/ld+json\" class=\"yoast-schema-graph\">{\"@context\":\"https:\\\/\\\/schema.org\",\"@graph\":[{\"@type\":\"WebPage\",\"@id\":\"https:\\\/\\\/www.sindpdal.org.br\\\/\",\"url\":\"https:\\\/\\\/www.sindpdal.org.br\\\/\",\"name\":\"SINDPD-AL - SIND TRAB EMP ORG PUB PRIV PROC DE DADOS DE AL\",\"isPartOf\":{\"@id\":\"https:\\\/\\\/www.sindpdal.org.br\\\/#website\"},\"datePublished\":\"2016-10-21T19:08:27+00:00\",\"dateModified\":\"2025-08-11T19:08:28+00:00\",\"description\":\"Sindicato dos Trab. em Empresas e \u00d3rg\u00e3os P\u00fab. e Priv. de Proc. de Dados, Serv. de Inform\u00e1tica e Similares e Profissionais de Proc. de Dados do Estado de AL.\",\"breadcrumb\":{\"@id\":\"https:\\\/\\\/www.sindpdal.org.br\\\/#breadcrumb\"},\"inLanguage\":\"pt-BR\",\"potentialAction\":[{\"@type\":\"ReadAction\",\"target\":[\"https:\\\/\\\/www.sindpdal.org.br\\\/\"]}]},{\"@type\":\"BreadcrumbList\",\"@id\":\"https:\\\/\\\/www.sindpdal.org.br\\\/#breadcrumb\",\"itemListElement\":[{\"@type\":\"ListItem\",\"position\":1,\"name\":\"In\u00edcio\",\"item\":\"https:\\\/\\\/www.sindpdal.org.br\\\/\"},{\"@type\":\"ListItem\",\"position\":2,\"name\":\"In\u00edcio\"}]},{\"@type\":\"WebSite\",\"@id\":\"https:\\\/\\\/www.sindpdal.org.br\\\/#website\",\"url\":\"https:\\\/\\\/www.sindpdal.org.br\\\/\",\"name\":\"SINDPD-AL\",\"description\":\"SIND TRAB EMP ORG PUB PRIV PROC DE DADOS DE AL\",\"potentialAction\":[{\"@type\":\"SearchAction\",\"target\":{\"@type\":\"EntryPoint\",\"urlTemplate\":\"https:\\\/\\\/www.sindpdal.org.br\\\/?s={search_term_string}\"},\"query-input\":{\"@type\":\"PropertyValueSpecification\",\"valueRequired\":true,\"valueName\":\"search_term_string\"}}],\"inLanguage\":\"pt-BR\"}]}<\/script>\n<!-- \/ Yoast SEO plugin. -->","yoast_head_json":{"title":"SINDPD-AL - SIND TRAB EMP ORG PUB PRIV PROC DE DADOS DE AL","description":"Sindicato dos Trab. em Empresas e \u00d3rg\u00e3os P\u00fab. e Priv. de Proc. de Dados, Serv. de Inform\u00e1tica e Similares e Profissionais de Proc. de Dados do Estado de AL.","robots":{"index":"index","follow":"follow","max-snippet":"max-snippet:-1","max-image-preview":"max-image-preview:large","max-video-preview":"max-video-preview:-1"},"canonical":"https:\/\/www.sindpdal.org.br\/","og_locale":"pt_BR","og_type":"article","og_title":"SINDPD-AL - SIND TRAB EMP ORG PUB PRIV PROC DE DADOS DE AL","og_description":"Sindicato dos Trab. em Empresas e \u00d3rg\u00e3os P\u00fab. e Priv. de Proc. de Dados, Serv. de Inform\u00e1tica e Similares e Profissionais de Proc. de Dados do Estado de AL.","og_url":"https:\/\/www.sindpdal.org.br\/","og_site_name":"SINDPD-AL","article_modified_time":"2025-08-11T19:08:28+00:00","twitter_card":"summary_large_image","twitter_misc":{"Est. tempo de leitura":"3 minutos"},"schema":{"@context":"https:\/\/schema.org","@graph":[{"@type":"WebPage","@id":"https:\/\/www.sindpdal.org.br\/","url":"https:\/\/www.sindpdal.org.br\/","name":"SINDPD-AL - SIND TRAB EMP ORG PUB PRIV PROC DE DADOS DE AL","isPartOf":{"@id":"https:\/\/www.sindpdal.org.br\/#website"},"datePublished":"2016-10-21T19:08:27+00:00","dateModified":"2025-08-11T19:08:28+00:00","description":"Sindicato dos Trab. em Empresas e \u00d3rg\u00e3os P\u00fab. e Priv. de Proc. de Dados, Serv. de Inform\u00e1tica e Similares e Profissionais de Proc. de Dados do Estado de AL.","breadcrumb":{"@id":"https:\/\/www.sindpdal.org.br\/#breadcrumb"},"inLanguage":"pt-BR","potentialAction":[{"@type":"ReadAction","target":["https:\/\/www.sindpdal.org.br\/"]}]},{"@type":"BreadcrumbList","@id":"https:\/\/www.sindpdal.org.br\/#breadcrumb","itemListElement":[{"@type":"ListItem","position":1,"name":"In\u00edcio","item":"https:\/\/www.sindpdal.org.br\/"},{"@type":"ListItem","position":2,"name":"In\u00edcio"}]},{"@type":"WebSite","@id":"https:\/\/www.sindpdal.org.br\/#website","url":"https:\/\/www.sindpdal.org.br\/","name":"SINDPD-AL","description":"SIND TRAB EMP ORG PUB PRIV PROC DE DADOS DE AL","potentialAction":[{"@type":"SearchAction","target":{"@type":"EntryPoint","urlTemplate":"https:\/\/www.sindpdal.org.br\/?s={search_term_string}"},"query-input":{"@type":"PropertyValueSpecification","valueRequired":true,"valueName":"search_term_string"}}],"inLanguage":"pt-BR"}]}},"_links":{"self":[{"href":"https:\/\/www.sindpdal.org.br\/index.php\/wp-json\/wp\/v2\/pages\/2","targetHints":{"allow":["GET"]}}],"collection":[{"href":"https:\/\/www.sindpdal.org.br\/index.php\/wp-json\/wp\/v2\/pages"}],"about":[{"href":"https:\/\/www.sindpdal.org.br\/index.php\/wp-json\/wp\/v2\/types\/page"}],"author":[{"embeddable":true,"href":"https:\/\/www.sindpdal.org.br\/index.php\/wp-json\/wp\/v2\/users\/1"}],"replies":[{"embeddable":true,"href":"https:\/\/www.sindpdal.org.br\/index.php\/wp-json\/wp\/v2\/comments?post=2"}],"version-history":[{"count":43,"href":"https:\/\/www.sindpdal.org.br\/index.php\/wp-json\/wp\/v2\/pages\/2\/revisions"}],"predecessor-version":[{"id":623,"href":"https:\/\/www.sindpdal.org.br\/index.php\/wp-json\/wp\/v2\/pages\/2\/revisions\/623"}],"wp:attachment":[{"href":"https:\/\/www.sindpdal.org.br\/index.php\/wp-json\/wp\/v2\/media?parent=2"}],"curies":[{"name":"wp","href":"https:\/\/api.w.org\/{rel}","templated":true}]}}